{"id":513,"date":"2022-12-13T21:18:07","date_gmt":"2022-12-13T21:18:07","guid":{"rendered":"https:\/\/chiro-sante.fr\/?page_id=513"},"modified":"2023-02-13T18:18:38","modified_gmt":"2023-02-13T18:18:38","slug":"motifs-de-consultations","status":"publish","type":"page","link":"https:\/\/chiro-sante.fr\/index.php\/motifs-de-consultations\/","title":{"rendered":"Motifs de consultations"},"content":{"rendered":"\n<div class=\"wp-block-uagb-container uagb-block-ea41911a alignfull uagb-is-root-container\"><div class=\"uagb-container-inner-blocks-wrap\">\n<div class=\"wp-block-uagb-advanced-heading uagb-block-d6aa61d3\"><h1 class=\"uagb-heading-text\"><strong>Les motifs de consultation en chiropraxie<\/strong><\/h1><\/div>\n<\/div><\/div>\n\n\n\n<div class=\"wp-block-uagb-container uagb-block-d80a8080 alignfull uagb-is-root-container\"><div class=\"uagb-container-inner-blocks-wrap\">\n<div class=\"wp-block-uagb-advanced-heading uagb-block-6224011d\"><h1 class=\"uagb-heading-text\">Pourquoi consulter un chiropracteur et pour quels motifs ?<\/h1><div class=\"uagb-separator\"><\/div><p class=\"uagb-desc-text\">Consulter un chiropracteur permet de traiter et de pr\u00e9venir diff\u00e9rents troubles tels que :<br>\u2022 Les pathologies des muscles, tendons, ligaments et nerfs.<br>\u2022 Les troubles neurologiques plus complexes et non pathologiques.<br>\u2022 Les troubles fonctionnels li\u00e9s au vieillissement.<br>\u2022 Les douleurs li\u00e9es \u00e0 la grossesse.<br>\u2022 Certaines blessures (tendinites, contractures&#8230;).<br>\u2022 Les douleurs de croissance (enfants- adolescents)<br>etc.<br><\/p><\/div>\n<\/div><\/div>\n\n\n\n<div class=\"wp-block-uagb-container uagb-block-03822e00 alignfull uagb-is-root-container\"><div class=\"uagb-container-inner-blocks-wrap\">\n<div class=\"wp-block-uagb-container uagb-block-4b860e20\">\n<div class=\"wp-block-uagb-advanced-heading uagb-block-fe3de66f\"><h1 class=\"uagb-heading-text\">Les Motifs les Plus Fr\u00e9quents<\/h1><div class=\"uagb-separator\"><\/div><\/div>\n\n\n\n<p> \u2022 Douleurs<br> \u2022 Accidents<br> \u2022 Blessures<br> \u2022 Traumatismes<br> \u2022 Fatigue<br> \u2022 Stresse\/Anxi\u00e9t\u00e9<br> \u2022 Am\u00e9lioration des capacit\u00e9s<br> \u2022 Optimisation des performances<br> \u2022 D\u00e9veloppement du confort de vie<\/p>\n\n\n\n<div class=\"wp-block-uagb-advanced-heading uagb-block-457f4658\"><h4 class=\"uagb-heading-text\">DOULEURS AU NIVEAU DE LA COLONNE VERT\u00c9BRALE<\/h4><div class=\"uagb-separator\"><\/div><\/div>\n\n\n\n<div class=\"wp-block-uagb-advanced-heading uagb-block-c3a5e151\"><h4 class=\"uagb-heading-text\">DOS<\/h4><div class=\"uagb-separator\"><\/div><\/div>\n\n\n\n<p>&nbsp;\u2022 Douleurs en relation avec des troubles de statiques rachidiennes ou scolioses<br>&nbsp;\u2022 Dorsalgies musculaires et m\u00e9caniques (douleurs entre les omoplates)<br>&nbsp;\u2022 D\u00e9rangement articulaire au niveau thoracique<br>&nbsp;\u2022 Syndrome costo-transversaire (entre la cote et le processus transverse de la cote)<br>&nbsp;\u2022 N\u00e9vralgie intercostale (douleur au niveau du dos irradiant entre 2 cotes)<\/p>\n<\/div>\n\n\n\n<div class=\"wp-block-uagb-container uagb-block-a8e9c678\">\n<div class=\"wp-block-uagb-image uagb-block-e65422de wp-block-uagb-image--layout-default wp-block-uagb-image--effect-static wp-block-uagb-image--align-none\"><figure class=\"wp-block-uagb-image__figure\"><img decoding=\"async\" srcset=\"https:\/\/chiro-sante.fr\/wp-content\/uploads\/2023\/01\/david-todd-mccarty-n7qv2uDT3XY-unsplash-683x1024.jpg \" src=\"https:\/\/chiro-sante.fr\/wp-content\/uploads\/2023\/01\/david-todd-mccarty-n7qv2uDT3XY-unsplash-683x1024.jpg\" alt=\"\" class=\"uag-image-975\" width=\"683\" height=\"1024\" title=\"\" loading=\"lazy\"\/><\/figure><\/div>\n<\/div>\n<\/div><\/div>\n\n\n\n<div class=\"wp-block-uagb-container uagb-block-806abefa alignfull uagb-is-root-container\"><div class=\"uagb-container-inner-blocks-wrap\">\n<div class=\"wp-block-uagb-container uagb-block-7880b64f\">\n<div class=\"wp-block-uagb-image uagb-block-d5c000f2 wp-block-uagb-image--layout-default wp-block-uagb-image--effect-static wp-block-uagb-image--align-none\"><figure class=\"wp-block-uagb-image__figure\"><img decoding=\"async\" srcset=\"https:\/\/chiro-sante.fr\/wp-content\/uploads\/2023\/01\/keenan-constance-nfmoJh9n4PM-unsplash-1024x839.jpg \" src=\"https:\/\/chiro-sante.fr\/wp-content\/uploads\/2023\/01\/keenan-constance-nfmoJh9n4PM-unsplash-1024x839.jpg\" alt=\"\" class=\"uag-image-982\" width=\"\" height=\"\" title=\"\" loading=\"lazy\"\/><\/figure><\/div>\n<\/div>\n\n\n\n<div class=\"wp-block-uagb-container uagb-block-40c477bb\">\n<div class=\"wp-block-uagb-advanced-heading uagb-block-720155d2\"><h4 class=\"uagb-heading-text\">T\u00caTE ET COU<\/h4><div class=\"uagb-separator\"><\/div><\/div>\n\n\n\n<p>&nbsp;\u2022 Vertiges d\u2019origine cervicale (en particulier dans les suites de coup du lapin, ou d\u2019origine arthrosique)<br>&nbsp;\u2022 Syndromes douloureux de l\u2019articulation temporo-mandibulaire \u201cm\u00e2choire qui craque\u201d<br>&nbsp;\u2022 Maux de t\u00eate : C\u00e9phal\u00e9e de Tension et C\u00e9phal\u00e9e cervicog\u00e9nique<br>&nbsp;\u2022 Migraine avec ou sans aura<br>&nbsp;\u2022 Douleurs projet\u00e9es de la face d\u2019origine cervicale<br>&nbsp;\u2022 N\u00e9vralgie d\u2019Arnold<br>&nbsp;\u2022 Torticolis musculaires ou vert\u00e9braux<br>&nbsp;\u2022 Hernies discales,&nbsp;&nbsp;cervicales<br>&nbsp;\u2022 N\u00e9vralgie cervico-brachiale (douleurs au niveau cervical irradiant dans un bras). <\/p>\n<\/div>\n<\/div><\/div>\n\n\n\n<div class=\"wp-block-uagb-container uagb-block-27cdc1b1 alignfull uagb-is-root-container\"><div class=\"uagb-container-inner-blocks-wrap\">\n<div class=\"wp-block-uagb-container uagb-block-cb15928c\">\n<div class=\"wp-block-uagb-advanced-heading uagb-block-5b8ac7ce\"><h4 class=\"uagb-heading-text\">LOMBAIRE-SACRUM-COCCYX<\/h4><div class=\"uagb-separator\"><\/div><\/div>\n\n\n\n<p> \u2022 Lombalgies m\u00e9caniques (douleurs dans le bas du dos)<br> \u2022 Lombosciatique d\u2019origine discal : Sciatiques (irradiations faces arri\u00e8res des cuisses..)<br> \u2022 Lombocruralgies d\u2019origine discal (irradiations faces avant des cuisses.)=cruralgie<br> \u2022 Syndrome du pyriformis avec sciatalgie (douleur \u00e0 la fesse avec irradiation face post\u00e9rieure de la cuisse et\/ou mollet et ou pied)<br> \u2022 Entorses discales<br> \u2022 Lumbagos (blocages aigus des vert\u00e8bres lombaires)<br> \u2022 Dysfonctionnement du bassin (syndromes douloureux des sacro-iliaques)<br> \u2022 Douleurs projet\u00e9es (douleurs pseudo visc\u00e9rales par irradiations de souffrances rachidiennes)<br> \u2022 Certaines douleurs du coccyx<br> \u2022 Pubalgie<\/p>\n<\/div>\n\n\n\n<div class=\"wp-block-uagb-container uagb-block-f75f2234\">\n<div class=\"wp-block-uagb-image uagb-block-737c8ca8 wp-block-uagb-image--layout-default wp-block-uagb-image--effect-static wp-block-uagb-image--align-none\"><figure class=\"wp-block-uagb-image__figure\"><img decoding=\"async\" srcset=\"https:\/\/chiro-sante.fr\/wp-content\/uploads\/2023\/01\/jakob-braun-KlosaEd4lGI-unsplash-683x1024.jpg \" src=\"https:\/\/chiro-sante.fr\/wp-content\/uploads\/2023\/01\/jakob-braun-KlosaEd4lGI-unsplash-683x1024.jpg\" alt=\"\" class=\"uag-image-983\" width=\"683\" height=\"1024\" title=\"\" loading=\"lazy\"\/><\/figure><\/div>\n<\/div>\n<\/div><\/div>\n\n\n\n<div class=\"wp-block-uagb-container uagb-block-f6c1aa53 alignfull uagb-is-root-container\"><div class=\"uagb-container-inner-blocks-wrap\">\n<div class=\"wp-block-uagb-container uagb-block-87a86ae8\">\n<div class=\"wp-block-uagb-image uagb-block-5dfb2b10 wp-block-uagb-image--layout-default wp-block-uagb-image--effect-static wp-block-uagb-image--align-none\"><figure class=\"wp-block-uagb-image__figure\"><img decoding=\"async\" srcset=\"https:\/\/chiro-sante.fr\/wp-content\/uploads\/2023\/01\/anthony-tran-i-ePv9Dxg7U-unsplash-683x1024.jpg \" src=\"https:\/\/chiro-sante.fr\/wp-content\/uploads\/2023\/01\/anthony-tran-i-ePv9Dxg7U-unsplash-683x1024.jpg\" alt=\"\" class=\"uag-image-977\" width=\"\" height=\"\" title=\"\" loading=\"lazy\"\/><\/figure><\/div>\n<\/div>\n\n\n\n<div class=\"wp-block-uagb-container uagb-block-8062124a\">\n<div class=\"wp-block-uagb-advanced-heading uagb-block-a5705c9d\"><h4 class=\"uagb-heading-text\">DOULEURS AU NIVEAU DES MEMBRES SUP\u00c9RIEURS ET INFERIEURS<\/h4><div class=\"uagb-separator\"><\/div><\/div>\n\n\n\n<p> \u2022 Tendinopathies (achille, genou,&nbsp;coiffe des rotateurs, moyen fessier)<br> \u2022 Syndrome de la travers\u00e9e cerrvico-thoraco-brachiale<br> \u2022 Bursites&nbsp;(sous acromiale, ischiatique, du moyen fessier)<br>\u00c9paule douloureuse (simple, capsulite r\u00e9tractile en phase froide indolore) avec ou sans irradiation dans le bras<br> \u2022 R\u00e9gion de l\u2019omoplate douloureuse<br> \u2022 \u00c9picondylite du joueur de tennis (tennis elbow)<br> \u2022 \u00c9pitrochl\u00e9ite du golfer (golfer\u2019s elbow)<br> \u2022 Syndromes du canal carpien (poignets)<br> \u2022 Syndrome du canal de guyon&nbsp;<br> \u2022 Hanche douloureuse (coxopathie)<br> \u2022 Genoux douloureux: syndrome f\u00e9moro-patellaire, gonarthrose, tendinopathie infrapatellaire etc&#8230;<br> \u2022 Syndrome de l\u2019essuie-glace, de la bandelette ilio-tibial<br> \u2022 Douleurs au niveau du talons, cheville, pied, orteil\u2026&nbsp;&nbsp;: entorse, facite plantaire\u2026<\/p>\n<\/div>\n<\/div><\/div>\n\n\n\n<div class=\"wp-block-uagb-container uagb-block-7ce2360c alignfull uagb-is-root-container\"><div class=\"uagb-container-inner-blocks-wrap\">\n<div class=\"wp-block-uagb-advanced-heading uagb-block-ae843b09\"><h1 class=\"uagb-heading-text\"><strong>Comment votre chiropracteur va identifier \u00ab le probl\u00e8me \u00bb lors de la premi\u00e8re consultation ? ( 1h )<\/strong><\/h1><\/div>\n<\/div><\/div>\n\n\n\n<div class=\"wp-block-uagb-container uagb-block-f821e6f4 alignfull uagb-is-root-container\"><div class=\"uagb-container-inner-blocks-wrap\">\n<h4 class=\"has-text-align-center wp-block-heading\" style=\"margin-top:var(--wp--preset--spacing--50)\"><span style=\"text-decoration: underline;\">Apr\u00e8s avoir d\u00e9fini vos attentes et vos objectifs ensemble, plusieurs m\u00e9thodes de diagnostiques g\u00e9n\u00e9rales et s\u00e9lectives en 2 \u00e9tapes distinctes pour identifier le(s) probl\u00e8me(s):<\/span><\/h4>\n\n\n\n<p>1 Une&nbsp;anamn\u00e8se&nbsp;compl\u00e8te<br>2 Votre histoire personnelle et&nbsp;m\u00e9dicale&nbsp;compl\u00e8te<br>3 Vos&nbsp;ant\u00e9c\u00e9dents&nbsp;familiaux&nbsp;<br>4 Vos imageries&nbsp;&nbsp;(radio, scanner, IRM \u2026)<br>5 Analyses de laboratoire<br>6 Observation et analyse&nbsp;posturale..<br>7 Inspection dynamique, amplitude de mouvement..<br>8 Signes vitaux: tension&nbsp;art\u00e9rielle, examen cardiaque, pulmonaire, abdominal<br>9 Examens\/tests orthop\u00e9diques&nbsp;<br>10 Examens\/tests&nbsp;&nbsp;neurologiques( evaluation de l\u2019integrit\u00e9 du systeme nerveux central et\/ou peripherique)<br>11 la palpation statique,&nbsp;dynamique..<\/p>\n\n\n\n<p><strong><u>Etape 1: Une anamn\u00e8se compl\u00e8te<\/u><\/strong><br><br>\u2022 Votre histoire personnelle et m\u00e9dicale compl\u00e8te<br><span style=\"color: inherit; font-size: 1rem; background-color: var(--ast-global-color-4);\">\u2022 Vos ant\u00e9c\u00e9dents familiaux<\/span><br><span style=\"color: inherit; font-size: 1rem; background-color: var(--ast-global-color-4);\">\u2022 Vos imageries si vous en poss\u00e9dez (radio, scanner, IRM, \u00e9chographie etc.)<\/span><br>\u2022 Analyses de laboratoire si un bilan sanguin a \u00e9t\u00e9 effectu\u00e9.<\/p>\n\n\n\n<p><strong><u>Etape 2: Observation et analyse posturale<\/u><\/strong><br><br><span style=\"color: inherit; font-size: 1rem; background-color: var(--ast-global-color-4);\">\u2022 <\/span>Inspection dynamique, amplitude de mouvement..<br><span style=\"color: inherit; font-size: 1rem; background-color: var(--ast-global-color-4);\"><span style=\"color: inherit; font-size: 1rem; background-color: var(--ast-global-color-4);\">\u2022 <\/span>Signes vitaux: tension art\u00e9rielle, examen cardiaque, pulmonaire, abdominal<\/span><br><span style=\"color: inherit; font-size: 1rem; background-color: var(--ast-global-color-4);\"><span style=\"color: inherit; font-size: 1rem; background-color: var(--ast-global-color-4);\">\u2022 <\/span>Examens\/tests orthop\u00e9diques<\/span><br><span style=\"color: inherit; font-size: 1rem; background-color: var(--ast-global-color-4);\"><span style=\"color: inherit; font-size: 1rem; background-color: var(--ast-global-color-4);\">\u2022 <\/span>Examens\/tests neurologiques (\u00e9valuation de l&#8217;int\u00e9grit\u00e9 du syst\u00e8me nerveux central et\/ou p\u00e9riph\u00e9rique)<\/span><br><span style=\"color: inherit; font-size: 1rem; background-color: var(--ast-global-color-4);\">\u2022 <\/span>La palpation statique, dynamique.<\/p>\n\n\n\n<p><strong><u>\u00c9tape 3: le diagnostic enfin pos\u00e9, la prise en charge peut alors commencer<\/u>.<\/strong><\/p>\n<\/div><\/div>\n\n\n\n<div class=\"wp-block-uagb-container uagb-block-ca75c895 alignfull uagb-is-root-container\"><div class=\"uagb-container-inner-blocks-wrap\"><\/div><\/div>\n\n\n\n<div class=\"wp-block-uagb-container uagb-block-2880dd65 alignfull uagb-is-root-container\"><div class=\"uagb-container-inner-blocks-wrap\">\n<div class=\"wp-block-uagb-advanced-heading uagb-block-849beeac\"><h2 class=\"uagb-heading-text\"><strong>Qu\u2019est-ce que la subluxation ?<\/strong><\/h2><div class=\"uagb-separator\"><\/div><p class=\"uagb-desc-text\">La subluxation est une alt\u00e9ration de l\u2019alignement ou du mouvement articulaire. L\u2019ensemble des articulations du corps humain est susceptible d\u2019en \u00eatre atteinte, la plus dommageable reste celle qui touche la colonne vert\u00e9brale car elle constitue l\u2019enveloppe protectrice du syst\u00e8me nerveux (la moelle \u00e9pini\u00e8re).<br>La subluxation vert\u00e9brale provoque un d\u00e9salignement, soit un mauvais fonctionnement des vert\u00e8bres. Se dysfonctionnement interf\u00e8re sur la capacit\u00e9 de la colonne vert\u00e9brale et g\u00eane la circulation de l\u2019influx nerveux ce qui peut alors alt\u00e9rer ses trois fonctions, \u00eatre \u00e0 l\u2019origine d\u2019une irritation du syst\u00e8me nerveux, et donc \u00eatre responsable d\u2019un mauvais contr\u00f4le sur les tissus, cellules, organes et syst\u00e8mes du corps causant alors des dommages neurophysiologiques ayant de lourdes r\u00e9percussions sur la sant\u00e9.<\/p><\/div>\n\n\n\n<h3 class=\"wp-block-heading\"><strong>Les causes de la subluxation vert\u00e9brale<\/strong><\/h3>\n\n\n\n<p><span style=\"text-decoration: underline;\">Les causes de la subluxation vert\u00e9brale peuvent \u00eatre nombreuses. Voici quelques exemples :<\/span><\/p>\n\n\n\n<p> \u2022 Mauvaises habitudes posturales : se croiser la jambe, se tenir debout sur une jambe<br> \u2022 Soulever, tirer ou pousser objet tout en \u00e9tant mal positionn\u00e9<br> \u2022 Mouvements r\u00e9p\u00e9titifs<br> \u2022 Traumatismes : accident de voiture, chute, impact lors de la pratique de certains sports<br> \u2022 Mauvaise condition physique : musculature trop faible ou d\u00e9s\u00e9quilibr\u00e9e<br> \u2022 Naissance : tr\u00e8s longue, trop rapide, utilisation de ventouse ou forceps, mauvaise pr\u00e9sentation du b\u00e9b\u00e9 (si\u00e8ge, post\u00e9rieur,etc)<br> \u2022 Mauvaise posture de sommeil : sur le ventre, torsion, oreiller et\/ou matelas inad\u00e9quat<br> \u2022 Stress\/fatigue<\/p>\n\n\n\n<h3 class=\"wp-block-heading\"><strong>Les cons\u00e9quences des subluxations vert\u00e9brales peuvent \u00eatre plus ou moins probl\u00e9matiques d\u2019un patient \u00e0 un autre :<\/strong><\/h3>\n\n\n\n<p> \u2022 Scoliose<br> \u2022 D\u00e9g\u00e9n\u00e9rescence articulaire<br> \u2022 Arthrose<br> \u2022 Maux de t\u00eate&nbsp;<br> \u2022 Cervicalgie (douleur au cou)<br> \u2022 Dorsalgie (douleur dans la r\u00e9gion dorsale)<br> \u2022 Lombalgie (douleur au bas du dos)<br> \u2022 Sciatalgie (douleur correspondant au sciatique)<br> \u2022 N\u00e9vralgie brachiale (douleur au bras)<br> \u2022 Syndrome du tunnel carpien<br> \u2022 Douleur aux \u00e9paules(tendinite, bursite, \u00e9picondylite)<br> \u2022 N\u00e9vralgie intercostale<br> \u2022 D\u00e9sordre somato-visc\u00e9ral (probl\u00e8mes digestifs, constipation, etc)<\/p>\n<\/div><\/div>\n","protected":false},"excerpt":{"rendered":"","protected":false},"author":1,"featured_media":0,"parent":0,"menu_order":0,"comment_status":"closed","ping_status":"closed","template":"","meta":{"om_disable_all_campaigns":false,"_uag_custom_page_level_css":"","_monsterinsights_skip_tracking":false,"_monsterinsights_sitenote_active":false,"_monsterinsights_sitenote_note":"","_monsterinsights_sitenote_category":0,"site-sidebar-layout":"no-sidebar","site-content-layout":"plain-container","ast-global-header-display":"","ast-main-header-display":"","ast-hfb-above-header-display":"","ast-hfb-below-header-display":"","ast-hfb-mobile-header-display":"","site-post-title":"disabled","ast-breadcrumbs-content":"","ast-featured-img":"disabled","footer-sml-layout":"","theme-transparent-header-meta":"enabled","adv-header-id-meta":"","stick-header-meta":"","header-above-stick-meta":"","header-main-stick-meta":"","header-below-stick-meta":"","footnotes":""},"class_list":["post-513","page","type-page","status-publish","hentry"],"aioseo_notices":[],"yoast_head":"<!-- This site is optimized with the Yoast SEO plugin v19.13 - https:\/\/yoast.com\/wordpress\/plugins\/seo\/ -->\n<title>Motifs de consultations - Pourquoi aller voir un Chiropracteur ?<\/title>\n<meta name=\"description\" content=\"La chiropractie traite un bon nombre de pathologie, dont les plus courrantes sont notamment les mals de dos, de cou, de lombaires et migraines\" \/>\n<meta name=\"robots\" content=\"index, follow, max-snippet:-1, max-image-preview:large, max-video-preview:-1\" \/>\n<link rel=\"canonical\" href=\"https:\/\/chiro-sante.fr\/index.php\/motifs-de-consultations\/\" \/>\n<meta property=\"og:locale\" content=\"en_US\" \/>\n<meta property=\"og:type\" content=\"article\" \/>\n<meta property=\"og:title\" content=\"Motifs de consultations - Pourquoi aller voir un Chiropracteur ?\" \/>\n<meta property=\"og:description\" content=\"La chiropractie traite un bon nombre de pathologie, dont les plus courrantes sont notamment les mals de dos, de cou, de lombaires et migraines\" \/>\n<meta property=\"og:url\" content=\"https:\/\/chiro-sante.fr\/index.php\/motifs-de-consultations\/\" \/>\n<meta property=\"og:site_name\" content=\"Ania Chiropracteur\" \/>\n<meta property=\"article:modified_time\" content=\"2023-02-13T18:18:38+00:00\" \/>\n<meta property=\"og:image\" content=\"https:\/\/chiro-sante.fr\/wp-content\/uploads\/2023\/01\/david-todd-mccarty-n7qv2uDT3XY-unsplash-683x1024.jpg\" \/>\n<meta name=\"twitter:card\" content=\"summary_large_image\" \/>\n<meta name=\"twitter:label1\" content=\"Est. reading time\" \/>\n\t<meta name=\"twitter:data1\" content=\"5 minutes\" \/>\n<script type=\"application\/ld+json\" class=\"yoast-schema-graph\">{\"@context\":\"https:\/\/schema.org\",\"@graph\":[{\"@type\":\"WebPage\",\"@id\":\"https:\/\/chiro-sante.fr\/index.php\/motifs-de-consultations\/\",\"url\":\"https:\/\/chiro-sante.fr\/index.php\/motifs-de-consultations\/\",\"name\":\"Motifs de consultations - Pourquoi aller voir un Chiropracteur ?\",\"isPartOf\":{\"@id\":\"https:\/\/chiro-sante.fr\/#website\"},\"datePublished\":\"2022-12-13T21:18:07+00:00\",\"dateModified\":\"2023-02-13T18:18:38+00:00\",\"description\":\"La chiropractie traite un bon nombre de pathologie, dont les plus courrantes sont notamment les mals de dos, de cou, de lombaires et migraines\",\"breadcrumb\":{\"@id\":\"https:\/\/chiro-sante.fr\/index.php\/motifs-de-consultations\/#breadcrumb\"},\"inLanguage\":\"en-US\",\"potentialAction\":[{\"@type\":\"ReadAction\",\"target\":[\"https:\/\/chiro-sante.fr\/index.php\/motifs-de-consultations\/\"]}]},{\"@type\":\"BreadcrumbList\",\"@id\":\"https:\/\/chiro-sante.fr\/index.php\/motifs-de-consultations\/#breadcrumb\",\"itemListElement\":[{\"@type\":\"ListItem\",\"position\":1,\"name\":\"Home\",\"item\":\"https:\/\/chiro-sante.fr\/\"},{\"@type\":\"ListItem\",\"position\":2,\"name\":\"Motifs de consultations\"}]},{\"@type\":\"WebSite\",\"@id\":\"https:\/\/chiro-sante.fr\/#website\",\"url\":\"https:\/\/chiro-sante.fr\/\",\"name\":\"Ania Bellahsene Chiropracteur\",\"description\":\"\",\"publisher\":{\"@id\":\"https:\/\/chiro-sante.fr\/#\/schema\/person\/00264e18df89c8f9678eb74ad735b979\"},\"potentialAction\":[{\"@type\":\"SearchAction\",\"target\":{\"@type\":\"EntryPoint\",\"urlTemplate\":\"https:\/\/chiro-sante.fr\/?s={search_term_string}\"},\"query-input\":\"required name=search_term_string\"}],\"inLanguage\":\"en-US\"},{\"@type\":[\"Person\",\"Organization\"],\"@id\":\"https:\/\/chiro-sante.fr\/#\/schema\/person\/00264e18df89c8f9678eb74ad735b979\",\"name\":\"ania.bellahsenedc\",\"image\":{\"@type\":\"ImageObject\",\"inLanguage\":\"en-US\",\"@id\":\"https:\/\/chiro-sante.fr\/#\/schema\/person\/image\/\",\"url\":\"https:\/\/chiro-sante.fr\/wp-content\/uploads\/2022\/12\/cropped-Chiro-Logo.jpg\",\"contentUrl\":\"https:\/\/chiro-sante.fr\/wp-content\/uploads\/2022\/12\/cropped-Chiro-Logo.jpg\",\"width\":1220,\"height\":571,\"caption\":\"ania.bellahsenedc\"},\"logo\":{\"@id\":\"https:\/\/chiro-sante.fr\/#\/schema\/person\/image\/\"},\"sameAs\":[\"https:\/\/chiro-sante.fr\"]}]}<\/script>\n<!-- \/ Yoast SEO plugin. -->","yoast_head_json":{"title":"Motifs de consultations - Pourquoi aller voir un Chiropracteur ?","description":"La chiropractie traite un bon nombre de pathologie, dont les plus courrantes sont notamment les mals de dos, de cou, de lombaires et migraines","robots":{"index":"index","follow":"follow","max-snippet":"max-snippet:-1","max-image-preview":"max-image-preview:large","max-video-preview":"max-video-preview:-1"},"canonical":"https:\/\/chiro-sante.fr\/index.php\/motifs-de-consultations\/","og_locale":"en_US","og_type":"article","og_title":"Motifs de consultations - Pourquoi aller voir un Chiropracteur ?","og_description":"La chiropractie traite un bon nombre de pathologie, dont les plus courrantes sont notamment les mals de dos, de cou, de lombaires et migraines","og_url":"https:\/\/chiro-sante.fr\/index.php\/motifs-de-consultations\/","og_site_name":"Ania Chiropracteur","article_modified_time":"2023-02-13T18:18:38+00:00","og_image":[{"url":"https:\/\/chiro-sante.fr\/wp-content\/uploads\/2023\/01\/david-todd-mccarty-n7qv2uDT3XY-unsplash-683x1024.jpg"}],"twitter_card":"summary_large_image","twitter_misc":{"Est. reading time":"5 minutes"},"schema":{"@context":"https:\/\/schema.org","@graph":[{"@type":"WebPage","@id":"https:\/\/chiro-sante.fr\/index.php\/motifs-de-consultations\/","url":"https:\/\/chiro-sante.fr\/index.php\/motifs-de-consultations\/","name":"Motifs de consultations - Pourquoi aller voir un Chiropracteur ?","isPartOf":{"@id":"https:\/\/chiro-sante.fr\/#website"},"datePublished":"2022-12-13T21:18:07+00:00","dateModified":"2023-02-13T18:18:38+00:00","description":"La chiropractie traite un bon nombre de pathologie, dont les plus courrantes sont notamment les mals de dos, de cou, de lombaires et migraines","breadcrumb":{"@id":"https:\/\/chiro-sante.fr\/index.php\/motifs-de-consultations\/#breadcrumb"},"inLanguage":"en-US","potentialAction":[{"@type":"ReadAction","target":["https:\/\/chiro-sante.fr\/index.php\/motifs-de-consultations\/"]}]},{"@type":"BreadcrumbList","@id":"https:\/\/chiro-sante.fr\/index.php\/motifs-de-consultations\/#breadcrumb","itemListElement":[{"@type":"ListItem","position":1,"name":"Home","item":"https:\/\/chiro-sante.fr\/"},{"@type":"ListItem","position":2,"name":"Motifs de consultations"}]},{"@type":"WebSite","@id":"https:\/\/chiro-sante.fr\/#website","url":"https:\/\/chiro-sante.fr\/","name":"Ania Bellahsene Chiropracteur","description":"","publisher":{"@id":"https:\/\/chiro-sante.fr\/#\/schema\/person\/00264e18df89c8f9678eb74ad735b979"},"potentialAction":[{"@type":"SearchAction","target":{"@type":"EntryPoint","urlTemplate":"https:\/\/chiro-sante.fr\/?s={search_term_string}"},"query-input":"required name=search_term_string"}],"inLanguage":"en-US"},{"@type":["Person","Organization"],"@id":"https:\/\/chiro-sante.fr\/#\/schema\/person\/00264e18df89c8f9678eb74ad735b979","name":"ania.bellahsenedc","image":{"@type":"ImageObject","inLanguage":"en-US","@id":"https:\/\/chiro-sante.fr\/#\/schema\/person\/image\/","url":"https:\/\/chiro-sante.fr\/wp-content\/uploads\/2022\/12\/cropped-Chiro-Logo.jpg","contentUrl":"https:\/\/chiro-sante.fr\/wp-content\/uploads\/2022\/12\/cropped-Chiro-Logo.jpg","width":1220,"height":571,"caption":"ania.bellahsenedc"},"logo":{"@id":"https:\/\/chiro-sante.fr\/#\/schema\/person\/image\/"},"sameAs":["https:\/\/chiro-sante.fr"]}]}},"uagb_featured_image_src":{"full":false,"thumbnail":false,"medium":false,"medium_large":false,"large":false,"1536x1536":false,"2048x2048":false},"uagb_author_info":{"display_name":"ania.bellahsenedc","author_link":"https:\/\/chiro-sante.fr\/index.php\/author\/ania-bellahsenedc\/"},"uagb_comment_info":0,"uagb_excerpt":null,"_links":{"self":[{"href":"https:\/\/chiro-sante.fr\/index.php\/wp-json\/wp\/v2\/pages\/513","targetHints":{"allow":["GET"]}}],"collection":[{"href":"https:\/\/chiro-sante.fr\/index.php\/wp-json\/wp\/v2\/pages"}],"about":[{"href":"https:\/\/chiro-sante.fr\/index.php\/wp-json\/wp\/v2\/types\/page"}],"author":[{"embeddable":true,"href":"https:\/\/chiro-sante.fr\/index.php\/wp-json\/wp\/v2\/users\/1"}],"replies":[{"embeddable":true,"href":"https:\/\/chiro-sante.fr\/index.php\/wp-json\/wp\/v2\/comments?post=513"}],"version-history":[{"count":84,"href":"https:\/\/chiro-sante.fr\/index.php\/wp-json\/wp\/v2\/pages\/513\/revisions"}],"predecessor-version":[{"id":1196,"href":"https:\/\/chiro-sante.fr\/index.php\/wp-json\/wp\/v2\/pages\/513\/revisions\/1196"}],"wp:attachment":[{"href":"https:\/\/chiro-sante.fr\/index.php\/wp-json\/wp\/v2\/media?parent=513"}],"curies":[{"name":"wp","href":"https:\/\/api.w.org\/{rel}","templated":true}]}}