{"id":415,"date":"2020-09-15T06:48:51","date_gmt":"2020-09-15T06:48:51","guid":{"rendered":"https:\/\/chiro-sante.fr\/index.php\/services\/"},"modified":"2023-02-13T17:51:23","modified_gmt":"2023-02-13T17:51:23","slug":"qui-suis-je","status":"publish","type":"page","link":"https:\/\/chiro-sante.fr\/index.php\/qui-suis-je\/","title":{"rendered":"Qui suis-je ?"},"content":{"rendered":"\n<div class=\"wp-block-uagb-container uagb-block-22c817f2 alignfull uagb-is-root-container\"><div class=\"uagb-container-inner-blocks-wrap\">\n<div class=\"wp-block-uagb-advanced-heading uagb-block-9dab3ef9\"><h1 class=\"uagb-heading-text\">Ania Bellahsene &#8211; Votre Chiropracteur<\/h1><\/div>\n<\/div><\/div>\n\n\n\n<div class=\"wp-block-uagb-container uagb-block-50c79d17 alignfull uagb-is-root-container\"><div class=\"uagb-container-inner-blocks-wrap\">\n<div class=\"wp-block-uagb-advanced-heading uagb-block-824d00b9\"><h2 class=\"uagb-heading-text\">Qui Suis-je<\/h2><div class=\"uagb-separator\"><\/div><\/div>\n\n\n\n<div class=\"wp-block-uagb-container uagb-block-50ac8bc6\">\n<div class=\"wp-block-uagb-container uagb-block-8eba3f22\">\n<p>Passionn\u00e9e de natation et de danse durant plusieurs ann\u00e9es, les soins chiropratiques m\u2019ont consid\u00e9rablement aid\u00e9 lors de ces pratiques sportives.<br><br>Les blessures et traumatismes faisant partie du quotidien, j\u2019ai tr\u00e8s rapidement remarqu\u00e9 que certaines douleurs et l\u00e9sions ne r\u00e9pondaient pas toujours aux crit\u00e8res de prise en charge du syst\u00e8me m\u00e9dical.<\/p>\n\n\n\n<p>Chacun b\u00e9n\u00e9ficie d\u2019une prise en charge sur mesure en quatre \u00e9tapes :<br>\u2022 Diagnostic<br>\u2022 Soulagement<br>\u2022 Traitement<br>\u2022 Pr\u00e9vention<\/p>\n<\/div>\n\n\n\n<div class=\"wp-block-uagb-container uagb-block-f965261d\">\n<div class=\"wp-block-uagb-image uagb-block-7d4566fa wp-block-uagb-image--layout-default wp-block-uagb-image--effect-static wp-block-uagb-image--align-none\"><figure class=\"wp-block-uagb-image__figure\"><img decoding=\"async\" srcset=\"https:\/\/chiro-sante.fr\/wp-content\/uploads\/2022\/12\/ANia-photo-FB-Pro-1.jpg \" src=\"https:\/\/chiro-sante.fr\/wp-content\/uploads\/2022\/12\/ANia-photo-FB-Pro-1.jpg\" alt=\"\" class=\"uag-image-480\" title=\"\" loading=\"lazy\"\/><\/figure><\/div>\n<\/div>\n<\/div>\n\n\n\n<div class=\"wp-block-uagb-container uagb-block-f469d807\">\n<div class=\"wp-block-uagb-container uagb-block-1a47503b\">\n<p>Experte dans un large spectre de pathologies, tant sur les troubles de l\u2019\u00e9quilibre rachidien (hernie discale, torticolis, lumbago, sciatique cruralgie, etc.) que sur les troubles articulaires et ligamentaires ; j\u2019accorde une importance toute particuli\u00e8re \u00e0 traiter la zone de douleur \u00e0 la source.<br><br>La douleur \u00e9tant rarement l\u2019origine mais la traduction du probl\u00e8me rencontr\u00e9. En tant que grande passionn\u00e9e mais aussi en qu\u00eate d\u2019am\u00e9liorations permanentes, je poursuis activement plusieurs formations et s\u00e9minaires.<\/p>\n<\/div>\n\n\n\n<div class=\"wp-block-uagb-container uagb-block-350f8b5d\">\n<p>Mes connaissances approfondies en l\u2019\u00e9tude de ph\u00e9nom\u00e8nes psychologiques, (notamment en mati\u00e8re de th\u00e9rapie cognitives et comportementales) apportent d\u00e8s lors, une certaine forme de singularit\u00e9 \u00e0 mes consultations.<br><br>En effet, mon approche consiste \u00e0 vous comprendre et vous prot\u00e9ger de la charge mentale quotidienne. Limiter l\u2019impact du stress sur l\u2019ensemble de votre organisme permettant \u00e0 terme d\u2019\u00e9viter toutes situations psychologiques pouvant alors \u00eatre sous-jacentes \u00e0 des douleurs physiques.<\/p>\n<\/div>\n<\/div>\n\n\n\n<p class=\"has-ast-global-color-2-color has-text-color\" style=\"padding-top:0;padding-right:0;padding-bottom:0;padding-left:var(--wp--preset--spacing--40)\">Langues : fran\u00e7ais, anglais, espagnol.<br><br>Dipl\u00f4me obtenu \u00e0<a href=\"https:\/\/www.ifec.net\/\" target=\"_blank\" rel=\"noreferrer noopener\"> <\/a><span style=\"text-decoration: underline;\"><a href=\"https:\/\/www.ifec.net\/\" target=\"_blank\" rel=\"noreferrer noopener\">l\u2019institut franco-europ\u00e9en de chiropraxie<\/a>, <\/span>24 bd Paul Vaillant-Couturier 94200 Ivry- sur-Seine.<\/p>\n\n\n\n<div class=\"wp-block-buttons is-layout-flex wp-block-buttons-is-layout-flex\">\n<div class=\"wp-block-button\"><a class=\"wp-block-button__link wp-element-button\" href=\"https:\/\/www.doctolib.fr\/chiropracteur\/paris\/ania-bellahsene\" style=\"border-radius:45px\" target=\"_blank\" rel=\"noreferrer noopener\">R\u00c9servez VOTRE RENDEZ VOUS<\/a><\/div>\n<\/div>\n<\/div><\/div>\n","protected":false},"excerpt":{"rendered":"","protected":false},"author":1,"featured_media":0,"parent":0,"menu_order":0,"comment_status":"closed","ping_status":"closed","template":"","meta":{"om_disable_all_campaigns":false,"_uag_custom_page_level_css":"","_monsterinsights_skip_tracking":false,"_monsterinsights_sitenote_active":false,"_monsterinsights_sitenote_note":"","_monsterinsights_sitenote_category":0,"site-sidebar-layout":"no-sidebar","site-content-layout":"plain-container","ast-global-header-display":"","ast-main-header-display":"","ast-hfb-above-header-display":"","ast-hfb-below-header-display":"","ast-hfb-mobile-header-display":"","site-post-title":"disabled","ast-breadcrumbs-content":"","ast-featured-img":"","footer-sml-layout":"","theme-transparent-header-meta":"enabled","adv-header-id-meta":"","stick-header-meta":"","header-above-stick-meta":"","header-main-stick-meta":"","header-below-stick-meta":"","footnotes":""},"class_list":["post-415","page","type-page","status-publish","hentry"],"aioseo_notices":[],"yoast_head":"<!-- This site is optimized with the Yoast SEO plugin v19.13 - https:\/\/yoast.com\/wordpress\/plugins\/seo\/ -->\n<title>Qui suis-je ? - Ania Bellahsene - Chiropracteur<\/title>\n<meta name=\"robots\" content=\"index, follow, max-snippet:-1, max-image-preview:large, max-video-preview:-1\" \/>\n<link rel=\"canonical\" href=\"https:\/\/chiro-sante.fr\/index.php\/qui-suis-je\/\" \/>\n<meta property=\"og:locale\" content=\"en_US\" \/>\n<meta property=\"og:type\" content=\"article\" \/>\n<meta property=\"og:title\" content=\"Qui suis-je ? - Ania Bellahsene - Chiropracteur\" \/>\n<meta property=\"og:url\" content=\"https:\/\/chiro-sante.fr\/index.php\/qui-suis-je\/\" \/>\n<meta property=\"og:site_name\" content=\"Ania Chiropracteur\" \/>\n<meta property=\"article:modified_time\" content=\"2023-02-13T17:51:23+00:00\" \/>\n<meta property=\"og:image\" content=\"https:\/\/chiro-sante.fr\/wp-content\/uploads\/2022\/12\/ANia-photo-FB-Pro-1.jpg\" \/>\n<meta name=\"twitter:card\" content=\"summary_large_image\" \/>\n<meta name=\"twitter:label1\" content=\"Est. reading time\" \/>\n\t<meta name=\"twitter:data1\" content=\"2 minutes\" \/>\n<script type=\"application\/ld+json\" class=\"yoast-schema-graph\">{\"@context\":\"https:\/\/schema.org\",\"@graph\":[{\"@type\":\"WebPage\",\"@id\":\"https:\/\/chiro-sante.fr\/index.php\/qui-suis-je\/\",\"url\":\"https:\/\/chiro-sante.fr\/index.php\/qui-suis-je\/\",\"name\":\"Qui suis-je ? - Ania Bellahsene - Chiropracteur\",\"isPartOf\":{\"@id\":\"https:\/\/chiro-sante.fr\/#website\"},\"datePublished\":\"2020-09-15T06:48:51+00:00\",\"dateModified\":\"2023-02-13T17:51:23+00:00\",\"breadcrumb\":{\"@id\":\"https:\/\/chiro-sante.fr\/index.php\/qui-suis-je\/#breadcrumb\"},\"inLanguage\":\"en-US\",\"potentialAction\":[{\"@type\":\"ReadAction\",\"target\":[\"https:\/\/chiro-sante.fr\/index.php\/qui-suis-je\/\"]}]},{\"@type\":\"BreadcrumbList\",\"@id\":\"https:\/\/chiro-sante.fr\/index.php\/qui-suis-je\/#breadcrumb\",\"itemListElement\":[{\"@type\":\"ListItem\",\"position\":1,\"name\":\"Home\",\"item\":\"https:\/\/chiro-sante.fr\/\"},{\"@type\":\"ListItem\",\"position\":2,\"name\":\"Qui suis-je ?\"}]},{\"@type\":\"WebSite\",\"@id\":\"https:\/\/chiro-sante.fr\/#website\",\"url\":\"https:\/\/chiro-sante.fr\/\",\"name\":\"Ania Bellahsene Chiropracteur\",\"description\":\"\",\"publisher\":{\"@id\":\"https:\/\/chiro-sante.fr\/#\/schema\/person\/00264e18df89c8f9678eb74ad735b979\"},\"potentialAction\":[{\"@type\":\"SearchAction\",\"target\":{\"@type\":\"EntryPoint\",\"urlTemplate\":\"https:\/\/chiro-sante.fr\/?s={search_term_string}\"},\"query-input\":\"required name=search_term_string\"}],\"inLanguage\":\"en-US\"},{\"@type\":[\"Person\",\"Organization\"],\"@id\":\"https:\/\/chiro-sante.fr\/#\/schema\/person\/00264e18df89c8f9678eb74ad735b979\",\"name\":\"ania.bellahsenedc\",\"image\":{\"@type\":\"ImageObject\",\"inLanguage\":\"en-US\",\"@id\":\"https:\/\/chiro-sante.fr\/#\/schema\/person\/image\/\",\"url\":\"https:\/\/chiro-sante.fr\/wp-content\/uploads\/2022\/12\/cropped-Chiro-Logo.jpg\",\"contentUrl\":\"https:\/\/chiro-sante.fr\/wp-content\/uploads\/2022\/12\/cropped-Chiro-Logo.jpg\",\"width\":1220,\"height\":571,\"caption\":\"ania.bellahsenedc\"},\"logo\":{\"@id\":\"https:\/\/chiro-sante.fr\/#\/schema\/person\/image\/\"},\"sameAs\":[\"https:\/\/chiro-sante.fr\"]}]}<\/script>\n<!-- \/ Yoast SEO plugin. -->","yoast_head_json":{"title":"Qui suis-je ? - Ania Bellahsene - Chiropracteur","robots":{"index":"index","follow":"follow","max-snippet":"max-snippet:-1","max-image-preview":"max-image-preview:large","max-video-preview":"max-video-preview:-1"},"canonical":"https:\/\/chiro-sante.fr\/index.php\/qui-suis-je\/","og_locale":"en_US","og_type":"article","og_title":"Qui suis-je ? - Ania Bellahsene - Chiropracteur","og_url":"https:\/\/chiro-sante.fr\/index.php\/qui-suis-je\/","og_site_name":"Ania Chiropracteur","article_modified_time":"2023-02-13T17:51:23+00:00","og_image":[{"url":"https:\/\/chiro-sante.fr\/wp-content\/uploads\/2022\/12\/ANia-photo-FB-Pro-1.jpg"}],"twitter_card":"summary_large_image","twitter_misc":{"Est. reading time":"2 minutes"},"schema":{"@context":"https:\/\/schema.org","@graph":[{"@type":"WebPage","@id":"https:\/\/chiro-sante.fr\/index.php\/qui-suis-je\/","url":"https:\/\/chiro-sante.fr\/index.php\/qui-suis-je\/","name":"Qui suis-je ? - Ania Bellahsene - Chiropracteur","isPartOf":{"@id":"https:\/\/chiro-sante.fr\/#website"},"datePublished":"2020-09-15T06:48:51+00:00","dateModified":"2023-02-13T17:51:23+00:00","breadcrumb":{"@id":"https:\/\/chiro-sante.fr\/index.php\/qui-suis-je\/#breadcrumb"},"inLanguage":"en-US","potentialAction":[{"@type":"ReadAction","target":["https:\/\/chiro-sante.fr\/index.php\/qui-suis-je\/"]}]},{"@type":"BreadcrumbList","@id":"https:\/\/chiro-sante.fr\/index.php\/qui-suis-je\/#breadcrumb","itemListElement":[{"@type":"ListItem","position":1,"name":"Home","item":"https:\/\/chiro-sante.fr\/"},{"@type":"ListItem","position":2,"name":"Qui suis-je ?"}]},{"@type":"WebSite","@id":"https:\/\/chiro-sante.fr\/#website","url":"https:\/\/chiro-sante.fr\/","name":"Ania Bellahsene Chiropracteur","description":"","publisher":{"@id":"https:\/\/chiro-sante.fr\/#\/schema\/person\/00264e18df89c8f9678eb74ad735b979"},"potentialAction":[{"@type":"SearchAction","target":{"@type":"EntryPoint","urlTemplate":"https:\/\/chiro-sante.fr\/?s={search_term_string}"},"query-input":"required name=search_term_string"}],"inLanguage":"en-US"},{"@type":["Person","Organization"],"@id":"https:\/\/chiro-sante.fr\/#\/schema\/person\/00264e18df89c8f9678eb74ad735b979","name":"ania.bellahsenedc","image":{"@type":"ImageObject","inLanguage":"en-US","@id":"https:\/\/chiro-sante.fr\/#\/schema\/person\/image\/","url":"https:\/\/chiro-sante.fr\/wp-content\/uploads\/2022\/12\/cropped-Chiro-Logo.jpg","contentUrl":"https:\/\/chiro-sante.fr\/wp-content\/uploads\/2022\/12\/cropped-Chiro-Logo.jpg","width":1220,"height":571,"caption":"ania.bellahsenedc"},"logo":{"@id":"https:\/\/chiro-sante.fr\/#\/schema\/person\/image\/"},"sameAs":["https:\/\/chiro-sante.fr"]}]}},"uagb_featured_image_src":{"full":false,"thumbnail":false,"medium":false,"medium_large":false,"large":false,"1536x1536":false,"2048x2048":false},"uagb_author_info":{"display_name":"ania.bellahsenedc","author_link":"https:\/\/chiro-sante.fr\/index.php\/author\/ania-bellahsenedc\/"},"uagb_comment_info":0,"uagb_excerpt":null,"_links":{"self":[{"href":"https:\/\/chiro-sante.fr\/index.php\/wp-json\/wp\/v2\/pages\/415","targetHints":{"allow":["GET"]}}],"collection":[{"href":"https:\/\/chiro-sante.fr\/index.php\/wp-json\/wp\/v2\/pages"}],"about":[{"href":"https:\/\/chiro-sante.fr\/index.php\/wp-json\/wp\/v2\/types\/page"}],"author":[{"embeddable":true,"href":"https:\/\/chiro-sante.fr\/index.php\/wp-json\/wp\/v2\/users\/1"}],"replies":[{"embeddable":true,"href":"https:\/\/chiro-sante.fr\/index.php\/wp-json\/wp\/v2\/comments?post=415"}],"version-history":[{"count":12,"href":"https:\/\/chiro-sante.fr\/index.php\/wp-json\/wp\/v2\/pages\/415\/revisions"}],"predecessor-version":[{"id":1195,"href":"https:\/\/chiro-sante.fr\/index.php\/wp-json\/wp\/v2\/pages\/415\/revisions\/1195"}],"wp:attachment":[{"href":"https:\/\/chiro-sante.fr\/index.php\/wp-json\/wp\/v2\/media?parent=415"}],"curies":[{"name":"wp","href":"https:\/\/api.w.org\/{rel}","templated":true}]}}