{"id":414,"date":"2020-09-15T06:48:39","date_gmt":"2020-09-15T06:48:39","guid":{"rendered":"https:\/\/chiro-sante.fr\/index.php\/projects\/"},"modified":"2023-02-14T16:30:13","modified_gmt":"2023-02-14T16:30:13","slug":"pour-qui","status":"publish","type":"page","link":"https:\/\/chiro-sante.fr\/index.php\/pour-qui\/","title":{"rendered":"Pour Qui ?"},"content":{"rendered":"\n<div class=\"wp-block-uagb-container uagb-block-a567102a alignfull uagb-is-root-container\"><div class=\"uagb-container-inner-blocks-wrap\">\n<div class=\"wp-block-uagb-advanced-heading uagb-block-ec371679\"><h1 class=\"uagb-heading-text\"><strong>Qui peut consulter un Chiropracteur?<\/strong><\/h1><\/div>\n<\/div><\/div>\n\n\n\n<div class=\"wp-block-uagb-container uagb-block-75150f49 alignfull uagb-is-root-container\"><div class=\"uagb-container-inner-blocks-wrap\">\n<div class=\"wp-block-uagb-info-box uagb-block-141b86a7 uagb-infobox__content-wrap  uagb-infobox-icon-above-title uagb-infobox-image-valign-top\"><div class=\"uagb-ifb-content\"><div class=\"uagb-ifb-title-wrap\"><h2 class=\"uagb-ifb-title\"><strong>Tout le monde peut consulter un chiropracteur.<\/strong><\/h2><\/div><p class=\"uagb-ifb-desc\"><strong>A<\/strong><\/p><\/div><\/div>\n\n\n\n<p class=\"has-ast-global-color-2-color has-text-color\">\u2022<a href=\"#adultes\"> <strong>Adultes<\/strong><\/a><br><strong>\u2022 <a href=\"#sportifs\">Sportifs<\/a><\/strong><br><strong>\u2022 <a href=\"#femmes-enceintes\">Femmes Enceintes<\/a><\/strong><br><strong>\u2022<a href=\"#enfants\"> Enfants<\/a><\/strong><br>\u2022<strong> <a href=\"#seniors\">S\u00e9niors<\/a><\/strong><\/p>\n\n\n\n<div class=\"wp-block-uagb-container uagb-block-2064155e alignfull uagb-is-root-container\"><div class=\"uagb-container-inner-blocks-wrap\">\n<div class=\"wp-block-uagb-container uagb-block-36ec6a73\">\n<div class=\"wp-block-uagb-advanced-heading uagb-block-01458b5a\"><p class=\"uagb-desc-text\">La chiropractie s\u2019adresse \u00e0 toute personne souffrant de douleurs aigu\u00ebs ou chroniques, qu\u2019importe leurs localisations (maux de dos, migraines, d\u00e9s\u00e9quilibres, douleurs aux articulations, etc.)<br>La pratique s\u2019adresse \u00e9galement \u00e0 toute personne qui \u00e9prouve des troubles li\u00e9s au stress aigu\u00ebs ou chroniques engendr\u00e9s par une vie quotidienne \u00e9prouvante physiquement et\/ou mentalement.<br>Elle peut notamment \u00eatre tr\u00e8s b\u00e9n\u00e9fique \u00e0 la suite de lourds traumatismes psychologiques et douloureux de la vie.<\/p><\/div>\n\n\n\n<div class=\"wp-block-uagb-image uagb-block-1df0feb9 wp-block-uagb-image--layout-default wp-block-uagb-image--effect-static wp-block-uagb-image--align-center\"><figure class=\"wp-block-uagb-image__figure\"><img decoding=\"async\" srcset=\"https:\/\/chiro-sante.fr\/wp-content\/uploads\/2022\/12\/Chiropracteur-enfant-390x260-2.jpg , https:\/\/chiro-sante.fr\/wp-content\/uploads\/2022\/12\/Chiropracteur-enfant-390x260-2.jpg 360w\" src=\"https:\/\/chiro-sante.fr\/wp-content\/uploads\/2022\/12\/Chiropracteur-enfant-390x260-2.jpg\" alt=\"\" class=\"uag-image-576\" width=\"\" height=\"\" title=\"\" loading=\"lazy\"\/><\/figure><\/div>\n<\/div>\n\n\n\n<div class=\"wp-block-uagb-container uagb-block-af5710af\">\n<div class=\"wp-block-uagb-advanced-heading uagb-block-22601320\"><h4 class=\"uagb-heading-text\">Effectuer une s\u00e9ance sans sympt\u00f4mes<\/h4><div class=\"uagb-separator\"><\/div><p class=\"uagb-desc-text\">M\u00eame en l\u2019absence de sympt\u00f4mes, il est tout \u00e0 fait possible de s\u2019adonner \u00e0 une s\u00e9ance de chiropractie !<br>&nbsp;<br>Dans le cas de maladies graves, de handicaps physiques et mentaux, consulter un chiropracteur procure un mieux-\u00eatre tout en favorisant la diminution des crises (infirme c\u00e9r\u00e9brale, autisme, etc.)<br><br>La chiropraxie soulage les r\u00e9gurgitations, coliques, et troubles du sommeil du nourrisson, accompagne la croissance et les apprentissages des enfants et am\u00e9liore le temps de concentration et compr\u00e9hension (ex : TDAH= trouble de d\u00e9ficit de l\u2019attention \/ hyperactivit\u00e9).<br>Elle aide les adultes \u00e0 pr\u00e9server leur sant\u00e9 physique et psychique (r\u00e9sistance au stress), pr\u00e9pare et accompagne les femmes enceintes \u00e0 l\u2019accouchement, pr\u00e9pare les sportifs \u00e0 des comp\u00e9titions, limite les blessures et am\u00e9liore les performances.<br>Quant aux s\u00e9niors, elle att\u00e9nue les effets du temps et contribue \u00e0 pr\u00e9server une qualit\u00e9 de vie.<\/p><\/div>\n<\/div>\n<\/div><\/div>\n\n\n\n<hr class=\"wp-block-separator has-alpha-channel-opacity is-style-default\"\/>\n\n\n\n<div class=\"wp-block-uagb-container uagb-block-91d96564 alignfull uagb-is-root-container\"><div class=\"uagb-container-inner-blocks-wrap\">\n<div class=\"wp-block-uagb-container uagb-block-9b2d2a4a\">\n<div class=\"wp-block-uagb-advanced-heading uagb-block-82fde529\" id=\"adultes\"><h4 class=\"uagb-heading-text\">ADULTES<\/h4><div class=\"uagb-separator\"><\/div><p class=\"uagb-desc-text\">Pr\u00e9vient et soigne l\u2019ensemble des pathologies des tissus mous (muscles, tendons, ligaments et nerfs) li\u00e9es \u00e0 l\u2019activit\u00e9 professionnelle.<br>&nbsp;<br>Les douleurs ou l\u00e9sions se manifestent au niveau des articulations des membres sup\u00e9rieurs et inf\u00e9rieurs. Si les l\u00e9sions ne sont pas prises en charge d\u00e8s leurs apparitions, elles pourraient \u00e9voluer et entra\u00eener une perte de force ou de mobilit\u00e9, voire jusqu\u2019\u00e0 atteindre des incapacit\u00e9s permanentes.<br>&nbsp;<\/p><\/div>\n<\/div>\n\n\n\n<div class=\"wp-block-uagb-container uagb-block-b706324c\">\n<div class=\"wp-block-uagb-image uagb-block-a22f301d wp-block-uagb-image--layout-default wp-block-uagb-image--effect-static wp-block-uagb-image--align-none\"><figure class=\"wp-block-uagb-image__figure\"><img decoding=\"async\" srcset=\"https:\/\/chiro-sante.fr\/wp-content\/uploads\/2022\/12\/Insouciant.webp \" src=\"https:\/\/chiro-sante.fr\/wp-content\/uploads\/2022\/12\/Insouciant.webp\" alt=\"\" class=\"uag-image-592\" width=\"460\" height=\"\" title=\"\" loading=\"lazy\"\/><\/figure><\/div>\n<\/div>\n<\/div><\/div>\n\n\n\n<hr class=\"wp-block-separator has-alpha-channel-opacity is-style-default\"\/>\n\n\n\n<div class=\"wp-block-uagb-container uagb-block-43777482 alignfull uagb-is-root-container\"><div class=\"uagb-container-inner-blocks-wrap\">\n<div class=\"wp-block-uagb-container uagb-block-b0cd7cfc\">\n<div class=\"wp-block-uagb-image uagb-block-17947e24 wp-block-uagb-image--layout-default wp-block-uagb-image--effect-static wp-block-uagb-image--align-none\"><figure class=\"wp-block-uagb-image__figure\"><img decoding=\"async\" srcset=\"https:\/\/chiro-sante.fr\/wp-content\/uploads\/2022\/12\/man-woman-push-ups-2264825-1024x682.jpg \" src=\"https:\/\/chiro-sante.fr\/wp-content\/uploads\/2022\/12\/man-woman-push-ups-2264825-1024x682.jpg\" alt=\"man, woman, push-ups-2264825.jpg\" class=\"uag-image-601\" width=\"\" height=\"\" title=\"\" loading=\"lazy\"\/><\/figure><\/div>\n\n\n\n<div class=\"wp-block-uagb-image uagb-block-81d8ea80 wp-block-uagb-image--layout-default wp-block-uagb-image--effect-static wp-block-uagb-image--align-none\"><figure class=\"wp-block-uagb-image__figure\"><img decoding=\"async\" srcset=\"https:\/\/chiro-sante.fr\/wp-content\/uploads\/2022\/12\/adult-gym-athlete-1850925-1024x680.jpg \" src=\"https:\/\/chiro-sante.fr\/wp-content\/uploads\/2022\/12\/adult-gym-athlete-1850925-1024x680.jpg\" alt=\"adult, gym, athlete-1850925.jpg\" class=\"uag-image-602\" width=\"\" height=\"\" title=\"\" loading=\"lazy\"\/><\/figure><\/div>\n<\/div>\n\n\n\n<div class=\"wp-block-uagb-container uagb-block-b27d04fd\">\n<div class=\"wp-block-uagb-advanced-heading uagb-block-9cbdc406\" id=\"sportifs\"><h4 class=\"uagb-heading-text\">SPORTIFS<\/h4><div class=\"uagb-separator\"><\/div><p class=\"uagb-desc-text\">La pratique d\u2019un sport, amateur ou de haut niveau peut engendrer des sollicitations musculaires et articulaires importantes.<br>&nbsp;<br>Les contraintes physiques entra\u00eenent des d\u00e9s\u00e9quilibres imperceptibles car indolores.<br>Elles peuvent provoquer des dysfonctionnements de l\u2019appareil locomoteur et ainsi, nuire les performances. <em>In fine<\/em>, cela peut \u00e9galement provoquer des blessures.<br>&nbsp;<br>Le traitement chiropratique des sportifs permet de diminuer les temps de r\u00e9cup\u00e9ration apr\u00e8s certaines blessures mais pas seulement.<br>En restaurant la mobilit\u00e9 articulaire, il assure une performance articulaire et musculaire maximales, soulage les douleurs li\u00e9es \u00e0 la sur-mobilisation de certaines articulations ou muscles, traite certaines blessures comme les tendinites, les contractures, les douleurs vert\u00e9brales, articulaires etc. une solution pour pr\u00e9venir les blessures, en identifiant, par exemple, les probl\u00e8mes de posture ou d\u2019appui.<\/p><\/div>\n<\/div>\n<\/div><\/div>\n\n\n\n<hr class=\"wp-block-separator has-alpha-channel-opacity is-style-default\"\/>\n\n\n\n<div class=\"wp-block-uagb-container uagb-block-5e85148a alignfull uagb-is-root-container\"><div class=\"uagb-container-inner-blocks-wrap\">\n<div class=\"wp-block-uagb-container uagb-block-507e0d63\">\n<div class=\"wp-block-uagb-advanced-heading uagb-block-8ed7b90f\" id=\"femmes-enceintes\"><h4 class=\"uagb-heading-text\">FEMMES ENCEINTES<\/h4><div class=\"uagb-separator\"><\/div><p class=\"uagb-desc-text\">Particuli\u00e8rement recommand\u00e9e durant la grossesse, la chiropraxie permet de lutter contre la douleur naturellement et avec efficacit\u00e9 en raison des transformations que provoque le bon d\u00e9veloppement du b\u00e9b\u00e9.<br>En effet, au fil de la croissance du f\u0153tus, les modifications anatomiques pour faire place \u00e0 la croissance de ce dernier, notamment la cambrure (lordose lombaire) qui s\u2019accentue, les changements posturaux, hormonaux et physiologiques, peuvent provoquer des inconforts.<br><br>Les manipulations exerc\u00e9es par le chiropracteur sont adapt\u00e9es et contribuent \u00e9galement \u00e0 la bonne position du f\u0153tus dans l\u2019ut\u00e9rus et, de ce fait, facilite l\u2019accouchement.<br>&nbsp;<\/p><\/div>\n<\/div>\n\n\n\n<div class=\"wp-block-uagb-container uagb-block-1b561c7d\">\n<div class=\"wp-block-uagb-image uagb-block-ad17bfff wp-block-uagb-image--layout-default wp-block-uagb-image--effect-static wp-block-uagb-image--align-none\"><figure class=\"wp-block-uagb-image__figure\"><img decoding=\"async\" srcset=\"https:\/\/chiro-sante.fr\/wp-content\/uploads\/2022\/12\/Femme-enceinte-dans-une-robe.webp \" src=\"https:\/\/chiro-sante.fr\/wp-content\/uploads\/2022\/12\/Femme-enceinte-dans-une-robe.webp\" alt=\"\" class=\"uag-image-609\" width=\"\" height=\"\" title=\"\" loading=\"lazy\"\/><\/figure><\/div>\n<\/div>\n<\/div><\/div>\n\n\n\n<hr class=\"wp-block-separator has-alpha-channel-opacity is-style-default\"\/>\n\n\n\n<div class=\"wp-block-uagb-container uagb-block-6bf4b268 alignfull uagb-is-root-container\"><div class=\"uagb-container-inner-blocks-wrap\">\n<div class=\"wp-block-uagb-container uagb-block-99c5ebee\">\n<div class=\"wp-block-uagb-image uagb-block-49100f87 wp-block-uagb-image--layout-default wp-block-uagb-image--effect-static wp-block-uagb-image--align-center\"><figure class=\"wp-block-uagb-image__figure\"><img decoding=\"async\" srcset=\"https:\/\/chiro-sante.fr\/wp-content\/uploads\/2022\/12\/kids-clouds-children-4305233-683x1024.jpg \" src=\"https:\/\/chiro-sante.fr\/wp-content\/uploads\/2022\/12\/kids-clouds-children-4305233-683x1024.jpg\" alt=\"kids, clouds, children-4305233.jpg\" class=\"uag-image-615\" width=\"\" height=\"\" title=\"\" loading=\"lazy\"\/><\/figure><\/div>\n<\/div>\n\n\n\n<div class=\"wp-block-uagb-container uagb-block-73bab779\">\n<div class=\"wp-block-uagb-advanced-heading uagb-block-77a68064\" id=\"enfants\"><h4 class=\"uagb-heading-text\">ENFANTS<\/h4><div class=\"uagb-separator\"><\/div><p class=\"uagb-desc-text\">Pour l\u2019enfant et l\u2019adolescent la chiropractie permet de pr\u00e9server le dos au fil de la croissance.<br>Le squelette en construction d\u2019un enfant est continuellement sollicit\u00e9, voir mis \u00e0 mal que ce soit lors de l\u2019acquisition de la marche ou passer de longues heures assis ou lors de la pratique d\u2019une activit\u00e9s sportive etc.<br>&nbsp;<br>Plus tard, l\u2019adolescent se s\u00e9dentarise et adopte de mauvaises postures devant la t\u00e9l\u00e9vision ou l\u2019ordinateur par exemple. Durant cette p\u00e9riode, sous l\u2019effet des hormones, les ligaments sont plus laxes et le corps se transforme rapidement, favorisant ainsi l\u2019apparition de dysfonctions vert\u00e9braux telle la scoliose.<br>La consultation assure une performance articulaire et musculaire maximale, tout en restaurant la mobilit\u00e9 articulaire.<\/p><\/div>\n<\/div>\n<\/div><\/div>\n\n\n\n<hr class=\"wp-block-separator has-alpha-channel-opacity is-style-default\"\/>\n\n\n\n<div class=\"wp-block-uagb-container uagb-block-3ece38e8 alignfull uagb-is-root-container\"><div class=\"uagb-container-inner-blocks-wrap\">\n<div class=\"wp-block-uagb-container uagb-block-b4feb6ab\">\n<div class=\"wp-block-uagb-advanced-heading uagb-block-8d900fc5\" id=\"seniors\"><h4 class=\"uagb-heading-text\">S\u00c9NIORS<\/h4><div class=\"uagb-separator\"><\/div><p class=\"uagb-desc-text\">Avec l\u2019\u00e2ge, les os s\u2019usent, les articulations perdent de leur souplesse et les muscles fondent. Cumul\u00e9s, ces ph\u00e9nom\u00e8nes affectent progressivement la mobilit\u00e9 de chacun.<br>Or, nous vivons de plus en plus vieux. Il est donc essentiel de favoriser sa sant\u00e9 pour lutter contre la douleur pour am\u00e9liorer de mani\u00e8re significative votre qualit\u00e9 de vie.<br>&nbsp;<br>Perte de souplesse, d\u00e9g\u00e9n\u00e9rescence articulaire, ankylose ou impotence fonctionnelle, attitude vo\u00fbt\u00e9e, raideur des cervicales ou des lombaires, vertiges , en s\u2019appuyant sur l\u2019historique de sant\u00e9, sur l\u2019imagerie m\u00e9dicale et sur l\u2019\u00e9valuation compl\u00e8te des fonctions locomotrices, le chiropracteur d\u00e9veloppe un plan de traitement adapt\u00e9 au degr\u00e9 d\u2019ost\u00e9oporose ou d\u2019arthrose.<\/p><\/div>\n<\/div>\n\n\n\n<div class=\"wp-block-uagb-container uagb-block-96a15cde\">\n<div class=\"wp-block-uagb-image uagb-block-fe455685 wp-block-uagb-image--layout-default wp-block-uagb-image--effect-static wp-block-uagb-image--align-none\"><figure class=\"wp-block-uagb-image__figure\"><img decoding=\"async\" srcset=\"https:\/\/chiro-sante.fr\/wp-content\/uploads\/2022\/12\/man-beard-elderly-1867224-682x1024.jpg \" src=\"https:\/\/chiro-sante.fr\/wp-content\/uploads\/2022\/12\/man-beard-elderly-1867224-682x1024.jpg\" alt=\"man, beard, elderly-1867224.jpg\" class=\"uag-image-624\" width=\"\" height=\"\" title=\"\" loading=\"lazy\"\/><\/figure><\/div>\n<\/div>\n<\/div><\/div>\n<\/div><\/div>\n","protected":false},"excerpt":{"rendered":"","protected":false},"author":1,"featured_media":0,"parent":0,"menu_order":0,"comment_status":"closed","ping_status":"closed","template":"","meta":{"om_disable_all_campaigns":false,"_uag_custom_page_level_css":"","_monsterinsights_skip_tracking":false,"_monsterinsights_sitenote_active":false,"_monsterinsights_sitenote_note":"","_monsterinsights_sitenote_category":0,"site-sidebar-layout":"no-sidebar","site-content-layout":"plain-container","ast-global-header-display":"","ast-main-header-display":"","ast-hfb-above-header-display":"","ast-hfb-below-header-display":"","ast-hfb-mobile-header-display":"","site-post-title":"disabled","ast-breadcrumbs-content":"","ast-featured-img":"","footer-sml-layout":"","theme-transparent-header-meta":"enabled","adv-header-id-meta":"","stick-header-meta":"","header-above-stick-meta":"","header-main-stick-meta":"","header-below-stick-meta":"","footnotes":""},"class_list":["post-414","page","type-page","status-publish","hentry"],"aioseo_notices":[],"yoast_head":"<!-- This site is optimized with the Yoast SEO plugin v19.13 - https:\/\/yoast.com\/wordpress\/plugins\/seo\/ -->\n<title>Qui peut consulter un Chriopracteur - Chiropracteur chez les enfants\/seniors<\/title>\n<meta name=\"description\" content=\"Qui est susceptible d&#039;avoir recours \u00e0 la chiropractie ? Est-ce que les enfants peuvent faire une s\u00e9ance ? Les personnes \u00e2g\u00e9s ? D\u00e9couvrez qui peut faire des s\u00e9ances.\" \/>\n<meta name=\"robots\" content=\"index, follow, max-snippet:-1, max-image-preview:large, max-video-preview:-1\" \/>\n<link rel=\"canonical\" href=\"https:\/\/chiro-sante.fr\/index.php\/pour-qui\/\" \/>\n<meta property=\"og:locale\" content=\"en_US\" \/>\n<meta property=\"og:type\" content=\"article\" \/>\n<meta property=\"og:title\" content=\"Qui peut consulter un Chriopracteur - Chiropracteur chez les enfants\/seniors\" \/>\n<meta property=\"og:description\" content=\"Qui est susceptible d&#039;avoir recours \u00e0 la chiropractie ? Est-ce que les enfants peuvent faire une s\u00e9ance ? Les personnes \u00e2g\u00e9s ? D\u00e9couvrez qui peut faire des s\u00e9ances.\" \/>\n<meta property=\"og:url\" content=\"https:\/\/chiro-sante.fr\/index.php\/pour-qui\/\" \/>\n<meta property=\"og:site_name\" content=\"Ania Chiropracteur\" \/>\n<meta property=\"article:modified_time\" content=\"2023-02-14T16:30:13+00:00\" \/>\n<meta property=\"og:image\" content=\"https:\/\/chiro-sante.fr\/wp-content\/uploads\/2022\/12\/Chiropracteur-enfant-390x260-2.jpg\" \/>\n<meta name=\"twitter:card\" content=\"summary_large_image\" \/>\n<meta name=\"twitter:label1\" content=\"Est. reading time\" \/>\n\t<meta name=\"twitter:data1\" content=\"5 minutes\" \/>\n<script type=\"application\/ld+json\" class=\"yoast-schema-graph\">{\"@context\":\"https:\/\/schema.org\",\"@graph\":[{\"@type\":\"WebPage\",\"@id\":\"https:\/\/chiro-sante.fr\/index.php\/pour-qui\/\",\"url\":\"https:\/\/chiro-sante.fr\/index.php\/pour-qui\/\",\"name\":\"Qui peut consulter un Chriopracteur - Chiropracteur chez les enfants\/seniors\",\"isPartOf\":{\"@id\":\"https:\/\/chiro-sante.fr\/#website\"},\"datePublished\":\"2020-09-15T06:48:39+00:00\",\"dateModified\":\"2023-02-14T16:30:13+00:00\",\"description\":\"Qui est susceptible d'avoir recours \u00e0 la chiropractie ? Est-ce que les enfants peuvent faire une s\u00e9ance ? Les personnes \u00e2g\u00e9s ? D\u00e9couvrez qui peut faire des s\u00e9ances.\",\"breadcrumb\":{\"@id\":\"https:\/\/chiro-sante.fr\/index.php\/pour-qui\/#breadcrumb\"},\"inLanguage\":\"en-US\",\"potentialAction\":[{\"@type\":\"ReadAction\",\"target\":[\"https:\/\/chiro-sante.fr\/index.php\/pour-qui\/\"]}]},{\"@type\":\"BreadcrumbList\",\"@id\":\"https:\/\/chiro-sante.fr\/index.php\/pour-qui\/#breadcrumb\",\"itemListElement\":[{\"@type\":\"ListItem\",\"position\":1,\"name\":\"Home\",\"item\":\"https:\/\/chiro-sante.fr\/\"},{\"@type\":\"ListItem\",\"position\":2,\"name\":\"Pour Qui ?\"}]},{\"@type\":\"WebSite\",\"@id\":\"https:\/\/chiro-sante.fr\/#website\",\"url\":\"https:\/\/chiro-sante.fr\/\",\"name\":\"Ania Bellahsene Chiropracteur\",\"description\":\"\",\"publisher\":{\"@id\":\"https:\/\/chiro-sante.fr\/#\/schema\/person\/00264e18df89c8f9678eb74ad735b979\"},\"potentialAction\":[{\"@type\":\"SearchAction\",\"target\":{\"@type\":\"EntryPoint\",\"urlTemplate\":\"https:\/\/chiro-sante.fr\/?s={search_term_string}\"},\"query-input\":\"required name=search_term_string\"}],\"inLanguage\":\"en-US\"},{\"@type\":[\"Person\",\"Organization\"],\"@id\":\"https:\/\/chiro-sante.fr\/#\/schema\/person\/00264e18df89c8f9678eb74ad735b979\",\"name\":\"ania.bellahsenedc\",\"image\":{\"@type\":\"ImageObject\",\"inLanguage\":\"en-US\",\"@id\":\"https:\/\/chiro-sante.fr\/#\/schema\/person\/image\/\",\"url\":\"https:\/\/chiro-sante.fr\/wp-content\/uploads\/2022\/12\/cropped-Chiro-Logo.jpg\",\"contentUrl\":\"https:\/\/chiro-sante.fr\/wp-content\/uploads\/2022\/12\/cropped-Chiro-Logo.jpg\",\"width\":1220,\"height\":571,\"caption\":\"ania.bellahsenedc\"},\"logo\":{\"@id\":\"https:\/\/chiro-sante.fr\/#\/schema\/person\/image\/\"},\"sameAs\":[\"https:\/\/chiro-sante.fr\"]}]}<\/script>\n<!-- \/ Yoast SEO plugin. -->","yoast_head_json":{"title":"Qui peut consulter un Chriopracteur - Chiropracteur chez les enfants\/seniors","description":"Qui est susceptible d'avoir recours \u00e0 la chiropractie ? Est-ce que les enfants peuvent faire une s\u00e9ance ? Les personnes \u00e2g\u00e9s ? D\u00e9couvrez qui peut faire des s\u00e9ances.","robots":{"index":"index","follow":"follow","max-snippet":"max-snippet:-1","max-image-preview":"max-image-preview:large","max-video-preview":"max-video-preview:-1"},"canonical":"https:\/\/chiro-sante.fr\/index.php\/pour-qui\/","og_locale":"en_US","og_type":"article","og_title":"Qui peut consulter un Chriopracteur - Chiropracteur chez les enfants\/seniors","og_description":"Qui est susceptible d'avoir recours \u00e0 la chiropractie ? Est-ce que les enfants peuvent faire une s\u00e9ance ? Les personnes \u00e2g\u00e9s ? D\u00e9couvrez qui peut faire des s\u00e9ances.","og_url":"https:\/\/chiro-sante.fr\/index.php\/pour-qui\/","og_site_name":"Ania Chiropracteur","article_modified_time":"2023-02-14T16:30:13+00:00","og_image":[{"url":"https:\/\/chiro-sante.fr\/wp-content\/uploads\/2022\/12\/Chiropracteur-enfant-390x260-2.jpg"}],"twitter_card":"summary_large_image","twitter_misc":{"Est. reading time":"5 minutes"},"schema":{"@context":"https:\/\/schema.org","@graph":[{"@type":"WebPage","@id":"https:\/\/chiro-sante.fr\/index.php\/pour-qui\/","url":"https:\/\/chiro-sante.fr\/index.php\/pour-qui\/","name":"Qui peut consulter un Chriopracteur - Chiropracteur chez les enfants\/seniors","isPartOf":{"@id":"https:\/\/chiro-sante.fr\/#website"},"datePublished":"2020-09-15T06:48:39+00:00","dateModified":"2023-02-14T16:30:13+00:00","description":"Qui est susceptible d'avoir recours \u00e0 la chiropractie ? Est-ce que les enfants peuvent faire une s\u00e9ance ? Les personnes \u00e2g\u00e9s ? D\u00e9couvrez qui peut faire des s\u00e9ances.","breadcrumb":{"@id":"https:\/\/chiro-sante.fr\/index.php\/pour-qui\/#breadcrumb"},"inLanguage":"en-US","potentialAction":[{"@type":"ReadAction","target":["https:\/\/chiro-sante.fr\/index.php\/pour-qui\/"]}]},{"@type":"BreadcrumbList","@id":"https:\/\/chiro-sante.fr\/index.php\/pour-qui\/#breadcrumb","itemListElement":[{"@type":"ListItem","position":1,"name":"Home","item":"https:\/\/chiro-sante.fr\/"},{"@type":"ListItem","position":2,"name":"Pour Qui ?"}]},{"@type":"WebSite","@id":"https:\/\/chiro-sante.fr\/#website","url":"https:\/\/chiro-sante.fr\/","name":"Ania Bellahsene Chiropracteur","description":"","publisher":{"@id":"https:\/\/chiro-sante.fr\/#\/schema\/person\/00264e18df89c8f9678eb74ad735b979"},"potentialAction":[{"@type":"SearchAction","target":{"@type":"EntryPoint","urlTemplate":"https:\/\/chiro-sante.fr\/?s={search_term_string}"},"query-input":"required name=search_term_string"}],"inLanguage":"en-US"},{"@type":["Person","Organization"],"@id":"https:\/\/chiro-sante.fr\/#\/schema\/person\/00264e18df89c8f9678eb74ad735b979","name":"ania.bellahsenedc","image":{"@type":"ImageObject","inLanguage":"en-US","@id":"https:\/\/chiro-sante.fr\/#\/schema\/person\/image\/","url":"https:\/\/chiro-sante.fr\/wp-content\/uploads\/2022\/12\/cropped-Chiro-Logo.jpg","contentUrl":"https:\/\/chiro-sante.fr\/wp-content\/uploads\/2022\/12\/cropped-Chiro-Logo.jpg","width":1220,"height":571,"caption":"ania.bellahsenedc"},"logo":{"@id":"https:\/\/chiro-sante.fr\/#\/schema\/person\/image\/"},"sameAs":["https:\/\/chiro-sante.fr"]}]}},"uagb_featured_image_src":{"full":false,"thumbnail":false,"medium":false,"medium_large":false,"large":false,"1536x1536":false,"2048x2048":false},"uagb_author_info":{"display_name":"ania.bellahsenedc","author_link":"https:\/\/chiro-sante.fr\/index.php\/author\/ania-bellahsenedc\/"},"uagb_comment_info":0,"uagb_excerpt":null,"_links":{"self":[{"href":"https:\/\/chiro-sante.fr\/index.php\/wp-json\/wp\/v2\/pages\/414","targetHints":{"allow":["GET"]}}],"collection":[{"href":"https:\/\/chiro-sante.fr\/index.php\/wp-json\/wp\/v2\/pages"}],"about":[{"href":"https:\/\/chiro-sante.fr\/index.php\/wp-json\/wp\/v2\/types\/page"}],"author":[{"embeddable":true,"href":"https:\/\/chiro-sante.fr\/index.php\/wp-json\/wp\/v2\/users\/1"}],"replies":[{"embeddable":true,"href":"https:\/\/chiro-sante.fr\/index.php\/wp-json\/wp\/v2\/comments?post=414"}],"version-history":[{"count":65,"href":"https:\/\/chiro-sante.fr\/index.php\/wp-json\/wp\/v2\/pages\/414\/revisions"}],"predecessor-version":[{"id":1197,"href":"https:\/\/chiro-sante.fr\/index.php\/wp-json\/wp\/v2\/pages\/414\/revisions\/1197"}],"wp:attachment":[{"href":"https:\/\/chiro-sante.fr\/index.php\/wp-json\/wp\/v2\/media?parent=414"}],"curies":[{"name":"wp","href":"https:\/\/api.w.org\/{rel}","templated":true}]}}